{"id":3911,"date":"2021-01-21T09:32:56","date_gmt":"2021-01-21T14:32:56","guid":{"rendered":"https:\/\/julsolutions.ca\/?page_id=3911"},"modified":"2021-12-08T08:40:58","modified_gmt":"2021-12-08T13:40:58","slug":"our-achievements","status":"publish","type":"page","link":"https:\/\/julsolutions.ca\/en\/our-achievements\/","title":{"rendered":"Our Achievements"},"content":{"rendered":"<style>.services {display:none !important}.bjm-row {max-width:1200px; min-width:300px; margin:0 auto 60px;vertical-align:top;}.bjm-col-1-2 {vertical-align:top;display:inline-block; box-sizing:border-box; width:49.7%; padding:20px;text-align:center}section.content .bjm-row h2{font-size: 24px; line-height: 30px;font-weight: 800;margin-bottom:0; margin-top:30px}@media screen and (min-width:1024px) {.metaslider {min-height:320px !important;} .content ul li:before {display: none} .flex-direction-nav {position:relative;z-index:1000;}  .flex-direction-nav li a {float:left; padding:10px; color:#fff !important; font-weight:bold;} .flex-direction-nav li a.flex-next {float:right} }@media screen and (max-width:768px) {.bjm-col-1-2  {width:100% !important; margin-bottom:30px;}.bjm-row {margin-bottom:0;}}<\/style>\n<h2 style=\"text-align: center;\">JUL\u2019s tailored solutions will definitely help you save time and space. See for yourself!<\/h2>\n<div class=\"bjm-row\">\n<div class=\"bjm-col-1-2\"><div id=\"metaslider-id-3987\" style=\"width: 100%;\" class=\"ml-slider-3-107-0 metaslider metaslider-flex metaslider-3987 ml-slider ms-theme-default nav-hidden\" role=\"region\" aria-label=\"Caisse populaire\" data-height=\"352\" data-width=\"528\">\n    <div id=\"metaslider_container_3987\">\n        <div id=\"metaslider_3987\">\n            <ul class='slides'>\n                <li style=\"display: block; width: 100%;\" class=\"slide-4008 ms-image \" aria-roledescription=\"slide\" data-date=\"2021-01-21 09:08:41\" data-filename=\"15.jpg\" data-slide-type=\"image\"><img decoding=\"async\" data-src=\"https:\/\/julsolutions.ca\/wp-content\/uploads\/2017\/12\/15.jpg\" height=\"352\" width=\"528\" alt=\"Realisation JUL Solutions_Systeme de classement de dossiers_Caisse populaire desjardins\" class=\"slider-3987 slide-4008 msDefaultImage lazyload\" title=\"Caissepopulairedesjardins2_realisationJUL\" src=\"data:image\/svg+xml;base64,PHN2ZyB3aWR0aD0iMSIgaGVpZ2h0PSIxIiB4bWxucz0iaHR0cDovL3d3dy53My5vcmcvMjAwMC9zdmciPjwvc3ZnPg==\" style=\"--smush-placeholder-width: 528px; --smush-placeholder-aspect-ratio: 528\/352;\" \/><\/li>\n                <li style=\"display: none; width: 100%;\" class=\"slide-4009 ms-image \" aria-roledescription=\"slide\" data-date=\"2021-01-21 09:08:42\" data-filename=\"9.jpg\" data-slide-type=\"image\"><img decoding=\"async\" data-src=\"https:\/\/julsolutions.ca\/wp-content\/uploads\/2021\/01\/9.jpg\" height=\"352\" width=\"528\" alt=\"\" class=\"slider-3987 slide-4009 msDefaultImage lazyload\" title=\"9\" src=\"data:image\/svg+xml;base64,PHN2ZyB3aWR0aD0iMSIgaGVpZ2h0PSIxIiB4bWxucz0iaHR0cDovL3d3dy53My5vcmcvMjAwMC9zdmciPjwvc3ZnPg==\" style=\"--smush-placeholder-width: 528px; --smush-placeholder-aspect-ratio: 528\/352;\" \/><\/li>\n                <li style=\"display: none; width: 100%;\" class=\"slide-4010 ms-image \" aria-roledescription=\"slide\" data-date=\"2021-01-21 09:08:42\" data-filename=\"16.jpg\" data-slide-type=\"image\"><img decoding=\"async\" data-src=\"https:\/\/julsolutions.ca\/wp-content\/uploads\/2021\/01\/16.jpg\" height=\"352\" width=\"528\" alt=\"\" class=\"slider-3987 slide-4010 msDefaultImage lazyload\" title=\"16\" src=\"data:image\/svg+xml;base64,PHN2ZyB3aWR0aD0iMSIgaGVpZ2h0PSIxIiB4bWxucz0iaHR0cDovL3d3dy53My5vcmcvMjAwMC9zdmciPjwvc3ZnPg==\" style=\"--smush-placeholder-width: 528px; --smush-placeholder-aspect-ratio: 528\/352;\" \/><\/li>\n                <li style=\"display: none; width: 100%;\" class=\"slide-4011 ms-image \" aria-roledescription=\"slide\" data-date=\"2021-01-21 09:08:42\" data-filename=\"13.jpg\" data-slide-type=\"image\"><img decoding=\"async\" data-src=\"https:\/\/julsolutions.ca\/wp-content\/uploads\/2021\/01\/13.jpg\" height=\"352\" width=\"528\" alt=\"\" class=\"slider-3987 slide-4011 msDefaultImage lazyload\" title=\"13\" src=\"data:image\/svg+xml;base64,PHN2ZyB3aWR0aD0iMSIgaGVpZ2h0PSIxIiB4bWxucz0iaHR0cDovL3d3dy53My5vcmcvMjAwMC9zdmciPjwvc3ZnPg==\" style=\"--smush-placeholder-width: 528px; --smush-placeholder-aspect-ratio: 528\/352;\" \/><\/li>\n                <li style=\"display: none; width: 100%;\" class=\"slide-4012 ms-image \" aria-roledescription=\"slide\" data-date=\"2021-01-21 09:08:42\" data-filename=\"12.jpg\" data-slide-type=\"image\"><img decoding=\"async\" data-src=\"https:\/\/julsolutions.ca\/wp-content\/uploads\/2021\/01\/12.jpg\" height=\"352\" width=\"528\" alt=\"\" class=\"slider-3987 slide-4012 msDefaultImage lazyload\" title=\"12\" src=\"data:image\/svg+xml;base64,PHN2ZyB3aWR0aD0iMSIgaGVpZ2h0PSIxIiB4bWxucz0iaHR0cDovL3d3dy53My5vcmcvMjAwMC9zdmciPjwvc3ZnPg==\" style=\"--smush-placeholder-width: 528px; --smush-placeholder-aspect-ratio: 528\/352;\" \/><\/li>\n                <li style=\"display: none; width: 100%;\" class=\"slide-4013 ms-image \" aria-roledescription=\"slide\" data-date=\"2021-01-21 09:08:42\" data-filename=\"11.jpg\" data-slide-type=\"image\"><img decoding=\"async\" data-src=\"https:\/\/julsolutions.ca\/wp-content\/uploads\/2021\/01\/11.jpg\" height=\"352\" width=\"528\" alt=\"\" class=\"slider-3987 slide-4013 msDefaultImage lazyload\" title=\"11\" src=\"data:image\/svg+xml;base64,PHN2ZyB3aWR0aD0iMSIgaGVpZ2h0PSIxIiB4bWxucz0iaHR0cDovL3d3dy53My5vcmcvMjAwMC9zdmciPjwvc3ZnPg==\" style=\"--smush-placeholder-width: 528px; --smush-placeholder-aspect-ratio: 528\/352;\" \/><\/li>\n                <li style=\"display: none; width: 100%;\" class=\"slide-4014 ms-image \" aria-roledescription=\"slide\" data-date=\"2021-01-21 09:08:43\" data-filename=\"10.jpg\" data-slide-type=\"image\"><img decoding=\"async\" data-src=\"https:\/\/julsolutions.ca\/wp-content\/uploads\/2021\/01\/10.jpg\" height=\"352\" width=\"528\" alt=\"\" class=\"slider-3987 slide-4014 msDefaultImage lazyload\" title=\"10\" src=\"data:image\/svg+xml;base64,PHN2ZyB3aWR0aD0iMSIgaGVpZ2h0PSIxIiB4bWxucz0iaHR0cDovL3d3dy53My5vcmcvMjAwMC9zdmciPjwvc3ZnPg==\" style=\"--smush-placeholder-width: 528px; --smush-placeholder-aspect-ratio: 528\/352;\" \/><\/li>\n                <li style=\"display: none; width: 100%;\" class=\"slide-4015 ms-image \" aria-roledescription=\"slide\" data-date=\"2021-01-21 09:08:43\" data-filename=\"14.jpg\" data-slide-type=\"image\"><img decoding=\"async\" data-src=\"https:\/\/julsolutions.ca\/wp-content\/uploads\/2021\/01\/14.jpg\" height=\"352\" width=\"528\" alt=\"\" class=\"slider-3987 slide-4015 msDefaultImage lazyload\" title=\"14\" src=\"data:image\/svg+xml;base64,PHN2ZyB3aWR0aD0iMSIgaGVpZ2h0PSIxIiB4bWxucz0iaHR0cDovL3d3dy53My5vcmcvMjAwMC9zdmciPjwvc3ZnPg==\" style=\"--smush-placeholder-width: 528px; --smush-placeholder-aspect-ratio: 528\/352;\" \/><\/li>\n                <li style=\"display: none; width: 100%;\" class=\"slide-4016 ms-image \" aria-roledescription=\"slide\" data-date=\"2021-01-21 09:08:43\" data-filename=\"15.jpg\" data-slide-type=\"image\"><img decoding=\"async\" data-src=\"https:\/\/julsolutions.ca\/wp-content\/uploads\/2021\/01\/15.jpg\" height=\"352\" width=\"528\" alt=\"\" class=\"slider-3987 slide-4016 msDefaultImage lazyload\" title=\"15\" src=\"data:image\/svg+xml;base64,PHN2ZyB3aWR0aD0iMSIgaGVpZ2h0PSIxIiB4bWxucz0iaHR0cDovL3d3dy53My5vcmcvMjAwMC9zdmciPjwvc3ZnPg==\" style=\"--smush-placeholder-width: 528px; --smush-placeholder-aspect-ratio: 528\/352;\" \/><\/li>\n            <\/ul>\n        <\/div>\n        \n    <\/div>\n<\/div><\/p>\n<h2>Caisse populaire Desjardins<\/h2>\n<h3>For better customer service<\/h3>\n<p><strong>The situation:<br \/>\n<\/strong>Filing errors were becoming a serious problem, making the search for client files way to long.<\/p>\n<p><strong>The solution:<br \/>\n<\/strong>A <em>Kameleon<\/em> shelving unit equipped with a <em>JulMobile<\/em> mechanical drive and a tailored colour-coded filing system; no more time wasted on fruitless searches.<\/p>\n<\/div>\n<div class=\"bjm-col-1-2\"><div id=\"metaslider-id-4017\" style=\"width: 100%;\" class=\"ml-slider-3-107-0 metaslider metaslider-flex metaslider-4017 ml-slider ms-theme-default nav-hidden nav-hidden\" role=\"region\" aria-label=\"Orde des Psychologues\" data-height=\"352\" data-width=\"528\">\n    <div id=\"metaslider_container_4017\">\n        <div id=\"metaslider_4017\">\n            <ul class='slides'>\n                <li style=\"display: block; width: 100%;\" class=\"slide-4022 ms-image \" aria-roledescription=\"slide\" data-date=\"2021-01-21 09:11:03\" data-filename=\"1.jpg\" data-slide-type=\"image\"><img decoding=\"async\" data-src=\"https:\/\/julsolutions.ca\/wp-content\/uploads\/2021\/01\/1.jpg\" height=\"352\" width=\"528\" alt=\"\" class=\"slider-4017 slide-4022 msDefaultImage lazyload\" title=\"1\" src=\"data:image\/svg+xml;base64,PHN2ZyB3aWR0aD0iMSIgaGVpZ2h0PSIxIiB4bWxucz0iaHR0cDovL3d3dy53My5vcmcvMjAwMC9zdmciPjwvc3ZnPg==\" style=\"--smush-placeholder-width: 528px; --smush-placeholder-aspect-ratio: 528\/352;\" \/><\/li>\n                <li style=\"display: none; width: 100%;\" class=\"slide-4023 ms-image \" aria-roledescription=\"slide\" data-date=\"2021-01-21 09:11:03\" data-filename=\"2.jpg\" data-slide-type=\"image\"><img decoding=\"async\" data-src=\"https:\/\/julsolutions.ca\/wp-content\/uploads\/2021\/01\/2.jpg\" height=\"352\" width=\"528\" alt=\"\" class=\"slider-4017 slide-4023 msDefaultImage lazyload\" title=\"2\" src=\"data:image\/svg+xml;base64,PHN2ZyB3aWR0aD0iMSIgaGVpZ2h0PSIxIiB4bWxucz0iaHR0cDovL3d3dy53My5vcmcvMjAwMC9zdmciPjwvc3ZnPg==\" style=\"--smush-placeholder-width: 528px; --smush-placeholder-aspect-ratio: 528\/352;\" \/><\/li>\n            <\/ul>\n        <\/div>\n        \n    <\/div>\n<\/div><\/p>\n<h2>Ordre des psychologues du Qu\u00e9bec<\/h2>\n<h3>To find room for everything, and still find everything<\/h3>\n<p><strong>The situation:<br \/>\n<\/strong>An impressive number of files that were becoming difficult to manage.<\/p>\n<p><strong>The solution:<br \/>\n<\/strong>Three distinct systems, in three locations within the organization, all of them equipped with a <em>JulMobile<\/em> mechanical drive, that easily contains all of the files while making room to move, as well as a specially-designed colour-coding system to make searching easy.<\/p>\n<\/div>\n<\/div>\n<div class=\"bjm-row\">\n<div class=\"bjm-col-1-2\"><div id=\"metaslider-id-4025\" style=\"width: 100%;\" class=\"ml-slider-3-107-0 metaslider metaslider-flex metaslider-4025 ml-slider ms-theme-default nav-hidden nav-hidden nav-hidden\" role=\"region\" aria-label=\"IntelGenX\" data-height=\"352\" data-width=\"528\">\n    <div id=\"metaslider_container_4025\">\n        <div id=\"metaslider_4025\">\n            <ul class='slides'>\n                <li style=\"display: block; width: 100%;\" class=\"slide-4030 ms-image \" aria-roledescription=\"slide\" data-date=\"2021-01-21 09:15:02\" data-filename=\"3.jpg\" data-slide-type=\"image\"><img decoding=\"async\" data-src=\"https:\/\/julsolutions.ca\/wp-content\/uploads\/2021\/01\/3.jpg\" height=\"352\" width=\"528\" alt=\"\" class=\"slider-4025 slide-4030 msDefaultImage lazyload\" title=\"3\" src=\"data:image\/svg+xml;base64,PHN2ZyB3aWR0aD0iMSIgaGVpZ2h0PSIxIiB4bWxucz0iaHR0cDovL3d3dy53My5vcmcvMjAwMC9zdmciPjwvc3ZnPg==\" style=\"--smush-placeholder-width: 528px; --smush-placeholder-aspect-ratio: 528\/352;\" \/><\/li>\n                <li style=\"display: none; width: 100%;\" class=\"slide-4031 ms-image \" aria-roledescription=\"slide\" data-date=\"2021-01-21 09:15:02\" data-filename=\"4.jpg\" data-slide-type=\"image\"><img decoding=\"async\" data-src=\"https:\/\/julsolutions.ca\/wp-content\/uploads\/2021\/01\/4.jpg\" height=\"352\" width=\"528\" alt=\"\" class=\"slider-4025 slide-4031 msDefaultImage lazyload\" title=\"4\" src=\"data:image\/svg+xml;base64,PHN2ZyB3aWR0aD0iMSIgaGVpZ2h0PSIxIiB4bWxucz0iaHR0cDovL3d3dy53My5vcmcvMjAwMC9zdmciPjwvc3ZnPg==\" style=\"--smush-placeholder-width: 528px; --smush-placeholder-aspect-ratio: 528\/352;\" \/><\/li>\n            <\/ul>\n        <\/div>\n        \n    <\/div>\n<\/div><\/p>\n<h2>IntelGenX<\/h2>\n<p><strong>To expand from the inside<\/strong><\/p>\n<p><strong>The situation:<br \/>\n<\/strong>A laboratory that was becoming too small and needed serious reorganization.<\/p>\n<p><strong>The solution:<br \/>\n<\/strong>Mobile shelving units equipped with a mechanical drive that fit in a small space, allowing more room to circulate while ensuring optimal organization of all the products needed to get the job done.<\/p>\n<p>&nbsp;<\/p>\n<\/div>\n<div class=\"bjm-col-1-2\"><div id=\"metaslider-id-4032\" style=\"width: 100%;\" class=\"ml-slider-3-107-0 metaslider metaslider-flex metaslider-4032 ml-slider ms-theme-default nav-hidden nav-hidden nav-hidden nav-hidden\" role=\"region\" aria-label=\"Adidas\" data-height=\"352\" data-width=\"528\">\n    <div id=\"metaslider_container_4032\">\n        <div id=\"metaslider_4032\">\n            <ul class='slides'>\n                <li style=\"display: block; width: 100%;\" class=\"slide-4041 ms-image \" aria-roledescription=\"slide\" data-date=\"2021-01-21 09:16:36\" data-filename=\"7.jpg\" data-slide-type=\"image\"><img decoding=\"async\" data-src=\"https:\/\/julsolutions.ca\/wp-content\/uploads\/2021\/01\/7.jpg\" height=\"352\" width=\"528\" alt=\"\" class=\"slider-4032 slide-4041 msDefaultImage lazyload\" title=\"7\" src=\"data:image\/svg+xml;base64,PHN2ZyB3aWR0aD0iMSIgaGVpZ2h0PSIxIiB4bWxucz0iaHR0cDovL3d3dy53My5vcmcvMjAwMC9zdmciPjwvc3ZnPg==\" style=\"--smush-placeholder-width: 528px; --smush-placeholder-aspect-ratio: 528\/352;\" \/><\/li>\n                <li style=\"display: none; width: 100%;\" class=\"slide-4042 ms-image \" aria-roledescription=\"slide\" data-date=\"2021-01-21 09:16:36\" data-filename=\"5.jpg\" data-slide-type=\"image\"><img decoding=\"async\" data-src=\"https:\/\/julsolutions.ca\/wp-content\/uploads\/2021\/01\/5.jpg\" height=\"352\" width=\"528\" alt=\"\" class=\"slider-4032 slide-4042 msDefaultImage lazyload\" title=\"5\" src=\"data:image\/svg+xml;base64,PHN2ZyB3aWR0aD0iMSIgaGVpZ2h0PSIxIiB4bWxucz0iaHR0cDovL3d3dy53My5vcmcvMjAwMC9zdmciPjwvc3ZnPg==\" style=\"--smush-placeholder-width: 528px; --smush-placeholder-aspect-ratio: 528\/352;\" \/><\/li>\n                <li style=\"display: none; width: 100%;\" class=\"slide-4043 ms-image \" aria-roledescription=\"slide\" data-date=\"2021-01-21 09:16:36\" data-filename=\"6.jpg\" data-slide-type=\"image\"><img decoding=\"async\" data-src=\"https:\/\/julsolutions.ca\/wp-content\/uploads\/2021\/01\/6.jpg\" height=\"352\" width=\"528\" alt=\"\" class=\"slider-4032 slide-4043 msDefaultImage lazyload\" title=\"6\" src=\"data:image\/svg+xml;base64,PHN2ZyB3aWR0aD0iMSIgaGVpZ2h0PSIxIiB4bWxucz0iaHR0cDovL3d3dy53My5vcmcvMjAwMC9zdmciPjwvc3ZnPg==\" style=\"--smush-placeholder-width: 528px; --smush-placeholder-aspect-ratio: 528\/352;\" \/><\/li>\n                <li style=\"display: none; width: 100%;\" class=\"slide-4044 ms-image \" aria-roledescription=\"slide\" data-date=\"2021-01-21 09:16:36\" data-filename=\"8.jpg\" data-slide-type=\"image\"><img decoding=\"async\" data-src=\"https:\/\/julsolutions.ca\/wp-content\/uploads\/2021\/01\/8.jpg\" height=\"352\" width=\"528\" alt=\"\" class=\"slider-4032 slide-4044 msDefaultImage lazyload\" title=\"8\" src=\"data:image\/svg+xml;base64,PHN2ZyB3aWR0aD0iMSIgaGVpZ2h0PSIxIiB4bWxucz0iaHR0cDovL3d3dy53My5vcmcvMjAwMC9zdmciPjwvc3ZnPg==\" style=\"--smush-placeholder-width: 528px; --smush-placeholder-aspect-ratio: 528\/352;\" \/><\/li>\n            <\/ul>\n        <\/div>\n        \n    <\/div>\n<\/div><\/p>\n<h2>Adidas<\/h2>\n<p><strong>To maximize storage space <\/strong><\/p>\n<p><strong>The situation:<br \/>\n<\/strong>A stockroom too small for the needs of the store.<\/p>\n<p><strong>The solution:<br \/>\n<\/strong>Mobile shelving units that move front to back to allow access to their contents. We added whiteboards on the ends of the rows for stock identification.<\/p>\n<\/div>\n<\/div>\n<div class=\"bjm-row\">\n<div class=\"bjm-col-1-2\"><div id=\"metaslider-id-4045\" style=\"width: 100%;\" class=\"ml-slider-3-107-0 metaslider metaslider-flex metaslider-4045 ml-slider ms-theme-default nav-hidden nav-hidden nav-hidden nav-hidden nav-hidden\" role=\"region\" aria-label=\"Servier\" data-height=\"352\" data-width=\"528\">\n    <div id=\"metaslider_container_4045\">\n        <div id=\"metaslider_4045\">\n            <ul class='slides'>\n                <li style=\"display: block; width: 100%;\" class=\"slide-4054 ms-image \" aria-roledescription=\"slide\" data-date=\"2021-01-21 09:18:57\" data-filename=\"20.jpg\" data-slide-type=\"image\"><img decoding=\"async\" data-src=\"https:\/\/julsolutions.ca\/wp-content\/uploads\/2021\/01\/20.jpg\" height=\"352\" width=\"528\" alt=\"\" class=\"slider-4045 slide-4054 msDefaultImage lazyload\" title=\"20\" src=\"data:image\/svg+xml;base64,PHN2ZyB3aWR0aD0iMSIgaGVpZ2h0PSIxIiB4bWxucz0iaHR0cDovL3d3dy53My5vcmcvMjAwMC9zdmciPjwvc3ZnPg==\" style=\"--smush-placeholder-width: 528px; --smush-placeholder-aspect-ratio: 528\/352;\" \/><\/li>\n                <li style=\"display: none; width: 100%;\" class=\"slide-4055 ms-image \" aria-roledescription=\"slide\" data-date=\"2021-01-21 09:18:57\" data-filename=\"19.jpg\" data-slide-type=\"image\"><img decoding=\"async\" data-src=\"https:\/\/julsolutions.ca\/wp-content\/uploads\/2021\/01\/19.jpg\" height=\"352\" width=\"528\" alt=\"\" class=\"slider-4045 slide-4055 msDefaultImage lazyload\" title=\"19\" src=\"data:image\/svg+xml;base64,PHN2ZyB3aWR0aD0iMSIgaGVpZ2h0PSIxIiB4bWxucz0iaHR0cDovL3d3dy53My5vcmcvMjAwMC9zdmciPjwvc3ZnPg==\" style=\"--smush-placeholder-width: 528px; --smush-placeholder-aspect-ratio: 528\/352;\" \/><\/li>\n                <li style=\"display: none; width: 100%;\" class=\"slide-4056 ms-image \" aria-roledescription=\"slide\" data-date=\"2021-01-21 09:18:57\" data-filename=\"18.jpg\" data-slide-type=\"image\"><img decoding=\"async\" data-src=\"https:\/\/julsolutions.ca\/wp-content\/uploads\/2021\/01\/18.jpg\" height=\"352\" width=\"528\" alt=\"\" class=\"slider-4045 slide-4056 msDefaultImage lazyload\" title=\"18\" src=\"data:image\/svg+xml;base64,PHN2ZyB3aWR0aD0iMSIgaGVpZ2h0PSIxIiB4bWxucz0iaHR0cDovL3d3dy53My5vcmcvMjAwMC9zdmciPjwvc3ZnPg==\" style=\"--smush-placeholder-width: 528px; --smush-placeholder-aspect-ratio: 528\/352;\" \/><\/li>\n                <li style=\"display: none; width: 100%;\" class=\"slide-4057 ms-image \" aria-roledescription=\"slide\" data-date=\"2021-01-21 09:18:57\" data-filename=\"17.jpg\" data-slide-type=\"image\"><img decoding=\"async\" data-src=\"https:\/\/julsolutions.ca\/wp-content\/uploads\/2021\/01\/17.jpg\" height=\"352\" width=\"528\" alt=\"\" class=\"slider-4045 slide-4057 msDefaultImage lazyload\" title=\"17\" src=\"data:image\/svg+xml;base64,PHN2ZyB3aWR0aD0iMSIgaGVpZ2h0PSIxIiB4bWxucz0iaHR0cDovL3d3dy53My5vcmcvMjAwMC9zdmciPjwvc3ZnPg==\" style=\"--smush-placeholder-width: 528px; --smush-placeholder-aspect-ratio: 528\/352;\" \/><\/li>\n            <\/ul>\n        <\/div>\n        \n    <\/div>\n<\/div><\/p>\n<h2>Servier<\/h2>\n<p><strong>For better control<\/strong><\/p>\n<p><strong>The situation:<br \/>\n<\/strong>Limited storage space shared by three distinct departments.<\/p>\n<p><strong>The solution:<br \/>\n<\/strong>Mechanically driven mobile shelving units with locking doors for each department.<\/p>\n<\/div>\n<div class=\"bjm-col-1-2\"><div id=\"metaslider-id-4293\" style=\"width: 100%;\" class=\"ml-slider-3-107-0 metaslider metaslider-flex metaslider-4293 ml-slider ms-theme-default nav-hidden nav-hidden nav-hidden nav-hidden nav-hidden nav-hidden\" role=\"region\" aria-label=\"\u00c9cole des Explorateurs\" data-height=\"352\" data-width=\"528\">\n    <div id=\"metaslider_container_4293\">\n        <div id=\"metaslider_4293\">\n            <ul class='slides'>\n                <li style=\"display: block; width: 100%;\" class=\"slide-4304 ms-image \" aria-roledescription=\"slide\" data-date=\"2021-03-08 15:39:58\" data-filename=\"Local-127-3-528x352.jpg\" data-slide-type=\"image\"><img decoding=\"async\" data-src=\"https:\/\/julsolutions.ca\/wp-content\/uploads\/2021\/03\/Local-127-3-528x352.jpg\" height=\"352\" width=\"528\" alt=\"\" class=\"slider-4293 slide-4304 msDefaultImage lazyload\" title=\"Local-127-3\" src=\"data:image\/svg+xml;base64,PHN2ZyB3aWR0aD0iMSIgaGVpZ2h0PSIxIiB4bWxucz0iaHR0cDovL3d3dy53My5vcmcvMjAwMC9zdmciPjwvc3ZnPg==\" style=\"--smush-placeholder-width: 528px; --smush-placeholder-aspect-ratio: 528\/352;\" \/><\/li>\n                <li style=\"display: none; width: 100%;\" class=\"slide-4305 ms-image \" aria-roledescription=\"slide\" data-date=\"2021-03-08 15:39:58\" data-filename=\"Local-127-1-opt-528x352.jpg\" data-slide-type=\"image\"><img decoding=\"async\" data-src=\"https:\/\/julsolutions.ca\/wp-content\/uploads\/2021\/03\/Local-127-1-opt-528x352.jpg\" height=\"352\" width=\"528\" alt=\"\" class=\"slider-4293 slide-4305 msDefaultImage lazyload\" title=\"Local-127-1-opt\" src=\"data:image\/svg+xml;base64,PHN2ZyB3aWR0aD0iMSIgaGVpZ2h0PSIxIiB4bWxucz0iaHR0cDovL3d3dy53My5vcmcvMjAwMC9zdmciPjwvc3ZnPg==\" style=\"--smush-placeholder-width: 528px; --smush-placeholder-aspect-ratio: 528\/352;\" \/><\/li>\n                <li style=\"display: none; width: 100%;\" class=\"slide-4306 ms-image \" aria-roledescription=\"slide\" data-date=\"2021-03-08 15:39:58\" data-filename=\"Local-127-opt-528x352.jpg\" data-slide-type=\"image\"><img decoding=\"async\" data-src=\"https:\/\/julsolutions.ca\/wp-content\/uploads\/2021\/03\/Local-127-opt-528x352.jpg\" height=\"352\" width=\"528\" alt=\"\" class=\"slider-4293 slide-4306 msDefaultImage lazyload\" title=\"Local-127-opt\" src=\"data:image\/svg+xml;base64,PHN2ZyB3aWR0aD0iMSIgaGVpZ2h0PSIxIiB4bWxucz0iaHR0cDovL3d3dy53My5vcmcvMjAwMC9zdmciPjwvc3ZnPg==\" style=\"--smush-placeholder-width: 528px; --smush-placeholder-aspect-ratio: 528\/352;\" \/><\/li>\n            <\/ul>\n        <\/div>\n        \n    <\/div>\n<\/div><\/p>\n<h2>\u00c9cole des Explorateurs<\/h2>\n<h3>\u00c9tag\u00e8res de biblioth\u00e8que<\/h3>\n<\/div>\n<\/div>\n<div class=\"bjm-row\">\n<div class=\"bjm-col-1-2\"><div id=\"metaslider-id-5329\" style=\"width: 100%;\" class=\"ml-slider-3-107-0 metaslider metaslider-flex metaslider-5329 ml-slider ms-theme-default nav-hidden nav-hidden nav-hidden nav-hidden nav-hidden nav-hidden nav-hidden\" role=\"region\" aria-label=\"New Slideshow\" data-height=\"352\" data-width=\"528\">\n    <div id=\"metaslider_container_5329\">\n        <div id=\"metaslider_5329\">\n            <ul class='slides'>\n                <li style=\"display: block; width: 100%;\" class=\"slide-5330 ms-image \" aria-roledescription=\"slide\" data-date=\"2021-12-08 08:39:47\" data-filename=\"systeme-etagere-mobile-aviation-2-400x266.jpg\" data-slide-type=\"image\"><img decoding=\"async\" data-src=\"https:\/\/julsolutions.ca\/wp-content\/uploads\/2021\/12\/systeme-etagere-mobile-aviation-2-400x266.jpg\" height=\"352\" width=\"528\" alt=\"syst\u00e8me de rangement mobile pour bo\u00eetes d\u2019archives pour Air Inuit\" class=\"slider-5329 slide-5330 msDefaultImage lazyload\" title=\"syst\u00e8me de rangement mobile pour bo\u00eetes d\u2019archives pour Air Inuit\" src=\"data:image\/svg+xml;base64,PHN2ZyB3aWR0aD0iMSIgaGVpZ2h0PSIxIiB4bWxucz0iaHR0cDovL3d3dy53My5vcmcvMjAwMC9zdmciPjwvc3ZnPg==\" style=\"--smush-placeholder-width: 528px; --smush-placeholder-aspect-ratio: 528\/352;\" \/><\/li>\n                <li style=\"display: none; width: 100%;\" class=\"slide-5331 ms-image \" aria-roledescription=\"slide\" data-date=\"2021-12-08 08:39:53\" data-filename=\"systeme-etagere-mobile-aviation-400x266.jpg\" data-slide-type=\"image\"><img decoding=\"async\" data-src=\"https:\/\/julsolutions.ca\/wp-content\/uploads\/2021\/12\/systeme-etagere-mobile-aviation-400x266.jpg\" height=\"352\" width=\"528\" alt=\"syst\u00e8me de rangement mobile pour bo\u00eetes d\u2019archives pour Air Inuit\" class=\"slider-5329 slide-5331 msDefaultImage lazyload\" title=\"syst\u00e8me de rangement mobile pour bo\u00eetes d\u2019archives pour Air Inuit\" src=\"data:image\/svg+xml;base64,PHN2ZyB3aWR0aD0iMSIgaGVpZ2h0PSIxIiB4bWxucz0iaHR0cDovL3d3dy53My5vcmcvMjAwMC9zdmciPjwvc3ZnPg==\" style=\"--smush-placeholder-width: 528px; --smush-placeholder-aspect-ratio: 528\/352;\" \/><\/li>\n            <\/ul>\n        <\/div>\n        \n    <\/div>\n<\/div><\/p>\n<h2>Air Inuit<\/h2>\n<p><strong>To free up space in the warehouse<\/strong><\/p>\n<p><strong>The situation:<br \/>\n<\/strong>A lack of space in the warehouse due to the space occupied by the archives.<\/p>\n<p><strong>The solution:<br \/>\n<\/strong>A mobile storage system for archive boxes that reduced the space used for archival storage by almost 40%.<\/p>\n<\/div>\n<\/div>\n","protected":false},"excerpt":{"rendered":"<p>JUL\u2019s tailored solutions will definitely help you save time and space. See for yourself! Caisse populaire Desjardins For better customer service The situation: Filing errors were becoming a serious problem, making the search for client files way to long. The solution: A Kameleon shelving unit equipped with a JulMobile mechanical drive and a tailored colour-coded [&hellip;]<\/p>\n","protected":false},"author":71,"featured_media":0,"parent":0,"menu_order":0,"comment_status":"closed","ping_status":"closed","template":"","meta":{"footnotes":""},"class_list":["post-3911","page","type-page","status-publish","hentry"],"acf":[],"_links":{"self":[{"href":"https:\/\/julsolutions.ca\/en\/wp-json\/wp\/v2\/pages\/3911","targetHints":{"allow":["GET"]}}],"collection":[{"href":"https:\/\/julsolutions.ca\/en\/wp-json\/wp\/v2\/pages"}],"about":[{"href":"https:\/\/julsolutions.ca\/en\/wp-json\/wp\/v2\/types\/page"}],"author":[{"embeddable":true,"href":"https:\/\/julsolutions.ca\/en\/wp-json\/wp\/v2\/users\/71"}],"replies":[{"embeddable":true,"href":"https:\/\/julsolutions.ca\/en\/wp-json\/wp\/v2\/comments?post=3911"}],"version-history":[{"count":10,"href":"https:\/\/julsolutions.ca\/en\/wp-json\/wp\/v2\/pages\/3911\/revisions"}],"predecessor-version":[{"id":5332,"href":"https:\/\/julsolutions.ca\/en\/wp-json\/wp\/v2\/pages\/3911\/revisions\/5332"}],"wp:attachment":[{"href":"https:\/\/julsolutions.ca\/en\/wp-json\/wp\/v2\/media?parent=3911"}],"curies":[{"name":"wp","href":"https:\/\/api.w.org\/{rel}","templated":true}]}}