{"id":5859,"date":"2022-05-09T11:01:37","date_gmt":"2022-05-09T15:01:37","guid":{"rendered":"https:\/\/julsolutions.ca\/?page_id=5859"},"modified":"2022-06-22T16:44:22","modified_gmt":"2022-06-22T20:44:22","slug":"home","status":"publish","type":"page","link":"https:\/\/julsolutions.ca\/en\/","title":{"rendered":"Home"},"content":{"rendered":"<style><span data-mce-type=\"bookmark\" style=\"display: inline-block; width: 0px; overflow: hidden; line-height: 0;\" class=\"mce_SELRES_start\">\ufeff<\/span>.bjm-hide-mobile {display:block} @media screen and (max-width:768px) {.bjm-hide-mobile {display:none}}<\/style>\n<div style=\"background: #ee2c48; padding: 30px 30px 0; box-sizing: border-box; margin: 0 0 30px 0;\">\n<p><img decoding=\"async\" class=\"alignright size-full wp-image-5208 bjm-hide-mobile lazyload\" style=\"--smush-placeholder-width: 300px; --smush-placeholder-aspect-ratio: 300\/446;margin-bottom: 0 !important;\" data-src=\"https:\/\/julsolutions.ca\/wp-content\/uploads\/2021\/11\/etagere-fermee-teletravailleur.png\" alt=\"\u00e9tag\u00e8re \u00e0 dossier ferm\u00e9e pour t\u00e9l\u00e9travailleur et PME\" width=\"300\" height=\"446\" data-srcset=\"https:\/\/julsolutions.ca\/wp-content\/uploads\/2021\/11\/etagere-fermee-teletravailleur.png 300w, https:\/\/julsolutions.ca\/wp-content\/uploads\/2021\/11\/etagere-fermee-teletravailleur-202x300.png 202w\" data-sizes=\"(max-width: 300px) 100vw, 300px\" src=\"data:image\/svg+xml;base64,PHN2ZyB3aWR0aD0iMSIgaGVpZ2h0PSIxIiB4bWxucz0iaHR0cDovL3d3dy53My5vcmcvMjAwMC9zdmciPjwvc3ZnPg==\" \/><\/p>\n<div class=\"bjm-hide-mobile\" style=\"height: 60px;\"><\/div>\n<h3 style=\"text-align: center; color: #fff; font-size: 1.6em;\">Special package for telecommuters and small businesses<\/h3>\n<p style=\"text-align: center; color: #fff;\">Closed shelving 36 &#8220;wide, 15&#8221; deep and 76 &#8220;high, with 1000 legal size files numbered with 4 digits (3 labels)<br \/>\n<strong style=\"color: #fff;\">Contact us for all the details: <a style=\"color: #fff;\" href=\"tel:+18004632849\">1 800 463-2849<\/a><\/strong><\/p>\n<h4 style=\"text-align: center; color: #fff; font-size: 1.2em;\">JUL Solutions: a 100% Quebec family business since 1973<\/h4>\n<p>&nbsp;<\/p>\n<\/div>\n<h2>Why choose a local business such as JUL Solutions?<\/h2>\n<ul>\n<li><strong>For the long-term custom filing solutions you need <\/strong>Our filing solutions help you save time and money. In fact, JUL Solutions\u2019 professional filing systems are designed to deliver major savings on both of these fronts. All businesses seek to manage their time more effectively and reduce their operating costs. That is why we design and build filing products that are both robust and smart. Since they are robust, they provide costs savings over the long term. Since they are smart, they enable you to organize your files effectively and eliminate filing errors, thereby saving you time and effort. From our file folders to our colour-coded labels to our archive boxes, our filing solutions make your life simpler.<\/li>\n<li><strong>For file storage solutions that keep pace with your company\u2019s growth <\/strong>Our file storage solutions help you save space. Thanks to JUL Solutions\u2019 <a href=\"https:\/\/julsolutions.ca\/en\/about\/our-team\/\">shelves<\/a> and storage systems, you can make the most out of your spaces \u2013 and, therefore, make them more cost-effective and profitable. All businesses seek to get the most out of their available space. That is why we design and develop storage products, such as shelving units, that are both clever and scalable. Since they are clever, they allow you to organize and use your space more efficiently and facilitate access to all documents, thereby optimizing space use in your current premises. Since they are scalable, they keep pace with your company\u2019s growth and development. From our various mobile shelving units to our sturdy products with high-load capacity, our storage solutions make your life simpler.<\/li>\n<li><strong>For prompt, professional, and secure digitization solutions <\/strong>Our document scanning solutions help you save time, space, and money. By entrusting your imaging projects to JUL Solutions, you can be assured that your digital documents will be in compliance with legal requirements, thereby ensuring your peace of mind. Increasingly, businesses seek to reduce the volume that their physical documents take up so as to make more efficient use of their current space. To that end, they are using <a href=\"https:\/\/acrobat.adobe.com\/ca\/en\/mobile\/scanner-app.html\">scanning<\/a> and <a href=\"https:\/\/en.wikipedia.org\/wiki\/Digitization\">digitizing services<\/a>; however, this must be done in accordance with recognized procedures. That is why we provide professional document scanning services that are not only secure, timely, and cost-effective but are also in compliance with current legislation and the best practices in the industry. From our specialized optical character recognition (OCR) software to our official certificates of destruction of physical documents, our imaging solutions make your life simpler.<\/li>\n<\/ul>\n","protected":false},"excerpt":{"rendered":"<p>Special package for telecommuters and small businesses Closed shelving 36 &#8220;wide, 15&#8221; deep and 76 &#8220;high, with 1000 legal size files numbered with 4 digits (3 labels) Contact us for all the details: 1 800 463-2849 JUL Solutions: a 100% Quebec family business since 1973 &nbsp; Why choose a local business such as JUL Solutions? [&hellip;]<\/p>\n","protected":false},"author":71,"featured_media":0,"parent":0,"menu_order":0,"comment_status":"closed","ping_status":"closed","template":"page-home2.php","meta":{"footnotes":""},"class_list":["post-5859","page","type-page","status-publish","hentry"],"acf":[],"_links":{"self":[{"href":"https:\/\/julsolutions.ca\/en\/wp-json\/wp\/v2\/pages\/5859","targetHints":{"allow":["GET"]}}],"collection":[{"href":"https:\/\/julsolutions.ca\/en\/wp-json\/wp\/v2\/pages"}],"about":[{"href":"https:\/\/julsolutions.ca\/en\/wp-json\/wp\/v2\/types\/page"}],"author":[{"embeddable":true,"href":"https:\/\/julsolutions.ca\/en\/wp-json\/wp\/v2\/users\/71"}],"replies":[{"embeddable":true,"href":"https:\/\/julsolutions.ca\/en\/wp-json\/wp\/v2\/comments?post=5859"}],"version-history":[{"count":4,"href":"https:\/\/julsolutions.ca\/en\/wp-json\/wp\/v2\/pages\/5859\/revisions"}],"predecessor-version":[{"id":6197,"href":"https:\/\/julsolutions.ca\/en\/wp-json\/wp\/v2\/pages\/5859\/revisions\/6197"}],"wp:attachment":[{"href":"https:\/\/julsolutions.ca\/en\/wp-json\/wp\/v2\/media?parent=5859"}],"curies":[{"name":"wp","href":"https:\/\/api.w.org\/{rel}","templated":true}]}}